{"id":88,"date":"2024-06-06T12:44:54","date_gmt":"2024-06-06T12:44:54","guid":{"rendered":"https:\/\/pharinex.eu\/contact\/"},"modified":"2024-06-07T10:14:45","modified_gmt":"2024-06-07T10:14:45","slug":"contact","status":"publish","type":"page","link":"https:\/\/pharinex.eu\/fr\/contact\/","title":{"rendered":"Contact"},"content":{"rendered":"<style>.wp-block-kadence-advancedheading.kt-adv-heading88_577509-33, .wp-block-kadence-advancedheading.kt-adv-heading88_577509-33[data-kb-block=\"kb-adv-heading88_577509-33\"]{font-style:normal;}.wp-block-kadence-advancedheading.kt-adv-heading88_577509-33 mark.kt-highlight, .wp-block-kadence-advancedheading.kt-adv-heading88_577509-33[data-kb-block=\"kb-adv-heading88_577509-33\"] mark.kt-highlight{font-style:normal;color:#f76a0c;-webkit-box-decoration-break:clone;box-decoration-break:clone;padding-top:0px;padding-right:0px;padding-bottom:0px;padding-left:0px;}<\/style>\n<h2 class=\"kt-adv-heading88_577509-33 wp-block-kadence-advancedheading has-theme-palette-1-color has-text-color\" data-kb-block=\"kb-adv-heading88_577509-33\">Formulaire de contact<\/h2>\n\n\n<p><span style=\"color: #2b6cb0;\">Si vous avez des questions, des plaintes ou des commentaires sur nos produits, vous pouvez les poser ici. Nous r\u00e9pondons g\u00e9n\u00e9ralement dans les 24 heures.<\/span><\/p>\n<p><span style=\"color: #2b6cb0;\">Note : Nous ne sommes pas autoris\u00e9s \u00e0 r\u00e9pondre \u00e0 des questions d&rsquo;ordre m\u00e9dical. Pour cela, il est pr\u00e9f\u00e9rable de contacter votre pharmacien ou votre m\u00e9decin. <\/span><\/p>\n\n<style>.kb-row-layout-id88_9e7daf-61 > .kt-row-column-wrap{align-content:start;}:where(.kb-row-layout-id88_9e7daf-61 > .kt-row-column-wrap) > .wp-block-kadence-column{justify-content:start;}.kb-row-layout-id88_9e7daf-61 > .kt-row-column-wrap{column-gap:var(--global-kb-gap-md, 2rem);row-gap:var(--global-kb-gap-md, 2rem);padding-top:var(--global-kb-spacing-sm, 1.5rem);padding-bottom:var(--global-kb-spacing-sm, 1.5rem);grid-template-columns:minmax(0, 1fr);}.kb-row-layout-id88_9e7daf-61 > .kt-row-layout-overlay{opacity:0.30;}@media all and (max-width: 1024px){.kb-row-layout-id88_9e7daf-61 > .kt-row-column-wrap{grid-template-columns:minmax(0, 1fr);}}@media all and (max-width: 767px){.kb-row-layout-id88_9e7daf-61 > .kt-row-column-wrap{grid-template-columns:minmax(0, 1fr);}}<\/style><div class=\"kb-row-layout-wrap kb-row-layout-id88_9e7daf-61 alignnone wp-block-kadence-rowlayout\"><div class=\"kt-row-column-wrap kt-has-1-columns kt-row-layout-equal kt-tab-layout-inherit kt-mobile-layout-row kt-row-valign-top\">\n<style>.kadence-column88_cc3c6c-65 > .kt-inside-inner-col,.kadence-column88_cc3c6c-65 > .kt-inside-inner-col:before{border-top-left-radius:0px;border-top-right-radius:0px;border-bottom-right-radius:0px;border-bottom-left-radius:0px;}.kadence-column88_cc3c6c-65 > .kt-inside-inner-col{column-gap:var(--global-kb-gap-sm, 1rem);}.kadence-column88_cc3c6c-65 > .kt-inside-inner-col{flex-direction:column;}.kadence-column88_cc3c6c-65 > .kt-inside-inner-col > .aligncenter{width:100%;}.kadence-column88_cc3c6c-65 > .kt-inside-inner-col:before{opacity:0.3;}.kadence-column88_cc3c6c-65{position:relative;}@media all and (max-width: 1024px){.kadence-column88_cc3c6c-65 > .kt-inside-inner-col{flex-direction:column;justify-content:center;}}@media all and (max-width: 767px){.kadence-column88_cc3c6c-65 > .kt-inside-inner-col{flex-direction:column;justify-content:center;}}<\/style>\n<div class=\"wp-block-kadence-column kadence-column88_cc3c6c-65\"><div class=\"kt-inside-inner-col\"><style>.kb-row-layout-id88_094408-5c > .kt-row-column-wrap{align-content:start;}:where(.kb-row-layout-id88_094408-5c > .kt-row-column-wrap) > .wp-block-kadence-column{justify-content:start;}.kb-row-layout-id88_094408-5c > .kt-row-column-wrap{column-gap:var(--global-kb-gap-md, 2rem);row-gap:var(--global-kb-gap-md, 2rem);padding-top:var(--global-kb-spacing-sm, 1.5rem);padding-bottom:var(--global-kb-spacing-lg, 3rem);grid-template-columns:minmax(0, 1fr);}.kb-row-layout-id88_094408-5c > .kt-row-layout-overlay{opacity:0.30;}.kb-row-layout-id88_094408-5c .kt-row-layout-top-sep{height:100px;}.kb-row-layout-id88_094408-5c .kt-row-layout-top-sep svg{width:100%;}.kb-row-layout-id88_094408-5c .kt-row-layout-top-sep svg{fill:var(--global-palette1, #3182CE)!important;}@media all and (max-width: 1024px){.kb-row-layout-id88_094408-5c > .kt-row-column-wrap{grid-template-columns:minmax(0, 1fr);}}@media all and (max-width: 767px){.kb-row-layout-id88_094408-5c > .kt-row-column-wrap{grid-template-columns:minmax(0, 1fr);}}<\/style><div class=\"kb-row-layout-wrap kb-row-layout-id88_094408-5c alignnone wp-block-kadence-rowlayout\"><div class=\"kt-row-layout-top-sep kt-row-sep-type-sltr\"><svg viewBox=\"0 0 1000 100\" preserveAspectRatio=\"none\"><path d=\"M0,0l1000,100l-1000,0l0,-100Z\" \/><\/svg><\/div><div class=\"kt-row-column-wrap kt-has-1-columns kt-row-layout-equal kt-tab-layout-inherit kt-mobile-layout-row kt-row-valign-top\">\n<style>.kadence-column88_2be205-e2 > .kt-inside-inner-col,.kadence-column88_2be205-e2 > .kt-inside-inner-col:before{border-top-left-radius:0px;border-top-right-radius:0px;border-bottom-right-radius:0px;border-bottom-left-radius:0px;}.kadence-column88_2be205-e2 > .kt-inside-inner-col{column-gap:var(--global-kb-gap-sm, 1rem);}.kadence-column88_2be205-e2 > .kt-inside-inner-col{flex-direction:column;}.kadence-column88_2be205-e2 > .kt-inside-inner-col > .aligncenter{width:100%;}.kadence-column88_2be205-e2 > .kt-inside-inner-col:before{opacity:0.3;}.kadence-column88_2be205-e2{position:relative;}@media all and (max-width: 1024px){.kadence-column88_2be205-e2 > .kt-inside-inner-col{flex-direction:column;justify-content:center;}}@media all and (max-width: 767px){.kadence-column88_2be205-e2 > .kt-inside-inner-col{flex-direction:column;justify-content:center;}}<\/style>\n<div class=\"wp-block-kadence-column kadence-column88_2be205-e2\"><div class=\"kt-inside-inner-col\"><\/div><\/div>\n\n<\/div><\/div><\/div><\/div>\n\n<\/div><\/div>\n\n<div class='fluentform ff-default fluentform_wrapper_5 ffs_default_wrap'><form data-form_id=\"5\" id=\"fluentform_5\" class=\"frm-fluent-form fluent_form_5 ff-el-form-top ff_form_instance_5_1 ff-form-loading ffs_default\" data-form_instance=\"ff_form_instance_5_1\" method=\"POST\" ><fieldset  style=\"border: none!important;margin: 0!important;padding: 0!important;background-color: transparent!important;box-shadow: none!important;outline: none!important; min-inline-size: 100%;\">\n                    <legend class=\"ff_screen_reader_title\" style=\"display: block; margin: 0!important;padding: 0!important;height: 0!important;text-indent: -999999px;width: 0!important;overflow:hidden;\">Contact-formulier FR<\/legend><input type='hidden' name='__fluent_form_embded_post_id' value='88' \/><input type=\"hidden\" id=\"_fluentform_5_fluentformnonce\" name=\"_fluentform_5_fluentformnonce\" value=\"23c402e54e\" \/><input type=\"hidden\" name=\"_wp_http_referer\" value=\"\/fr\/wp-json\/wp\/v2\/pages\/88\" \/><div class='ff-el-group'><div class=\"ff-el-input--label ff-el-is-required asterisk-right\"><label for='ff_5_email' id='label_ff_5_email' aria-label=\"Email\">Email<\/label><\/div><div class='ff-el-input--content'><input type=\"email\" name=\"email\" id=\"ff_5_email\" class=\"ff-el-form-control\" placeholder=\"adresse e-mail\" data-name=\"email\"  aria-invalid=\"false\" aria-required=true><\/div><\/div><div data-type=\"name-element\" data-name=\"names\" class=\" ff-field_container ff-name-field-wrapper\" ><div class='ff-t-container'><div class='ff-t-cell '><div class='ff-el-group'><div class=\"ff-el-input--label ff-el-is-required asterisk-right\"><label for='ff_5_names_first_name_' id='label_ff_5_names_first_name_' >Pr\u00e9nom<\/label><\/div><div class='ff-el-input--content'><input type=\"text\" name=\"names[first_name]\" id=\"ff_5_names_first_name_\" class=\"ff-el-form-control\" placeholder=\"Pr\u00e9nom\" aria-invalid=\"false\" aria-required=true><\/div><\/div><\/div><div class='ff-t-cell '><div class='ff-el-group'><div class=\"ff-el-input--label asterisk-right\"><label for='ff_5_names_last_name_' id='label_ff_5_names_last_name_' >Nom de famille<\/label><\/div><div class='ff-el-input--content'><input type=\"text\" name=\"names[last_name]\" id=\"ff_5_names_last_name_\" class=\"ff-el-form-control\" placeholder=\"Nom de famille\" aria-invalid=\"false\" aria-required=false><\/div><\/div><\/div><\/div><\/div><div class='ff-el-group'><div class=\"ff-el-input--label asterisk-right\"><label for='ff_5_subject' id='label_ff_5_subject' aria-label=\"Sujet\">Sujet<\/label><\/div><div class='ff-el-input--content'><input type=\"text\" name=\"subject\" class=\"ff-el-form-control\" placeholder=\"Sujet\" data-name=\"subject\" id=\"ff_5_subject\"  aria-invalid=\"false\" aria-required=false><\/div><\/div><div class='ff-el-group'><div class=\"ff-el-input--label ff-el-is-required asterisk-right\"><label for='ff_5_message' id='label_ff_5_message' aria-label=\"Message\">Message<\/label><\/div><div class='ff-el-input--content'><textarea aria-required=\"true\" aria-labelledby=\"label_ff_5_message\" name=\"message\" id=\"ff_5_message\" class=\"ff-el-form-control\" placeholder=\"Message\" rows=\"4\" cols=\"2\" data-name=\"message\" ><\/textarea><\/div><\/div><div class='ff-el-group'><div class=\"ff-el-input--label asterisk-right\"><label for='ff_5_file-upload_1' id='label_ff_5_file-upload_1' aria-label=\"T\u00e9l\u00e9chargement de fichiers\">T\u00e9l\u00e9chargement de fichiers<\/label><\/div><div class='ff-el-input--content'><label for='ff_5_file-upload_1' class='ff_file_upload_holder'><span class='ff_upload_btn ff-btn' tabindex='0'>Choisir le fichier<\/span> <input type=\"file\" name=\"file-upload\" id=\"ff_5_file-upload_1\" class=\"ff-el-form-control  ff-screen-reader-element\" data-name=\"file-upload\" multiple=\"1\"  aria-invalid='false' aria-required=false><\/label><\/div><\/div><div class='ff-el-group ff-text-right ff_submit_btn_wrapper'><button type=\"submit\" class=\"ff-btn ff-btn-submit ff-btn-lg ff_btn_style\"  aria-label=\"Exp\u00e9dition\">Exp\u00e9dition<\/button><\/div><\/fieldset><\/form><div id='fluentform_5_errors' class='ff-errors-in-stack ff_form_instance_5_1 ff-form-loading_errors ff_form_instance_5_1_errors'><\/div><\/div>            <script type=\"text\/javascript\">\n                window.fluent_form_ff_form_instance_5_1 = {\"id\":\"5\",\"settings\":{\"layout\":{\"labelPlacement\":\"top\",\"helpMessagePlacement\":\"with_label\",\"errorMessagePlacement\":\"inline\",\"asteriskPlacement\":\"asterisk-right\"},\"id\":\"39\",\"restrictions\":{\"denyEmptySubmission\":{\"enabled\":false}}},\"form_instance\":\"ff_form_instance_5_1\",\"form_id_selector\":\"fluentform_5\",\"rules\":{\"email\":{\"required\":{\"value\":true,\"message\":\"Ce champ est obligatoire\"},\"email\":{\"value\":true,\"message\":\"Dit veld moet een juist email adres bevatten.\"}},\"names[first_name]\":{\"required\":{\"value\":true,\"message\":\"Ce champ est obligatoire\"}},\"names[middle_name]\":{\"required\":{\"value\":false,\"message\":\"This field is required\"}},\"names[last_name]\":{\"required\":{\"value\":false,\"message\":\"This field is required\"}},\"subject\":{\"required\":{\"value\":false,\"message\":\"This field is required\"}},\"message\":{\"required\":{\"value\":true,\"message\":\"This field is required\"}},\"file-upload\":{\"required\":{\"value\":false,\"message\":\"Dit veld is vereist\"},\"max_file_size\":{\"value\":1048576,\"_valueFrom\":\"MB\",\"message\":\"Maximale bestandsgrootte is 1MB\"},\"max_file_count\":{\"value\":\"2\",\"message\":\"Vous pouvez t\\u00e9l\\u00e9charger jusqu'\\u00e0 2 fichiers\"},\"allowed_file_types\":{\"value\":[\"jpg|jpeg|gif|png|bmp\",\"pdf\",\"avi|divx|flv|mov|ogv|mkv|mp4|m4v|divx|mpg|mpeg|mpe|video\\\/quicktime|qt\",\"mp3|wav|ogg|oga|wma|mka|m4a|ra|mid|midi|mpga\"],\"message\":\"Type de fichier non valide\"}}},\"debounce_time\":300};\n                            <\/script>\n            \n\n\n<style>.kb-row-layout-id88_a6b712-ae > .kt-row-column-wrap{align-content:start;}:where(.kb-row-layout-id88_a6b712-ae > .kt-row-column-wrap) > .wp-block-kadence-column{justify-content:start;}.kb-row-layout-id88_a6b712-ae > .kt-row-column-wrap{column-gap:var(--global-kb-gap-md, 2rem);row-gap:var(--global-kb-gap-md, 2rem);padding-top:var(--global-kb-spacing-sm, 1.5rem);padding-bottom:var(--global-kb-spacing-sm, 1.5rem);grid-template-columns:minmax(0, 1fr);}.kb-row-layout-id88_a6b712-ae > .kt-row-layout-overlay{opacity:0.30;}.kb-row-layout-id88_a6b712-ae .kt-row-layout-bottom-sep{height:100px;}.kb-row-layout-id88_a6b712-ae .kt-row-layout-bottom-sep svg{width:100%;}.kb-row-layout-id88_a6b712-ae .kt-row-layout-bottom-sep svg{fill:var(--global-palette1, #3182CE)!important;}@media all and (max-width: 1024px){.kb-row-layout-id88_a6b712-ae > .kt-row-column-wrap{grid-template-columns:minmax(0, 1fr);}}@media all and (max-width: 1024px){.kb-row-layout-id88_a6b712-ae .kt-row-layout-bottom-sep{height:px;}}@media all and (max-width: 1024px){.kb-row-layout-id88_a6b712-ae .kt-row-layout-bottom-sep svg{width:%;}}@media all and (max-width: 767px){.kb-row-layout-id88_a6b712-ae > .kt-row-column-wrap{grid-template-columns:minmax(0, 1fr);}.kb-row-layout-id88_a6b712-ae .kt-row-layout-bottom-sep{height:px;}.kb-row-layout-id88_a6b712-ae .kt-row-layout-bottom-sep svg{width:%;}}<\/style><div class=\"kb-row-layout-wrap kb-row-layout-id88_a6b712-ae alignnone wp-block-kadence-rowlayout\"><div class=\"kt-row-layout-bottom-sep kt-row-sep-type-sltr\"><svg viewBox=\"0 0 1000 100\" preserveAspectRatio=\"none\"><path d=\"M0,0l1000,100l-1000,0l0,-100Z\" \/><\/svg><\/div><div class=\"kt-row-column-wrap kt-has-1-columns kt-row-layout-equal kt-tab-layout-inherit kt-mobile-layout-row kt-row-valign-top\">\n<style>.kadence-column88_caaf95-a5 > .kt-inside-inner-col,.kadence-column88_caaf95-a5 > .kt-inside-inner-col:before{border-top-left-radius:0px;border-top-right-radius:0px;border-bottom-right-radius:0px;border-bottom-left-radius:0px;}.kadence-column88_caaf95-a5 > .kt-inside-inner-col{column-gap:var(--global-kb-gap-sm, 1rem);}.kadence-column88_caaf95-a5 > .kt-inside-inner-col{flex-direction:column;}.kadence-column88_caaf95-a5 > .kt-inside-inner-col > .aligncenter{width:100%;}.kadence-column88_caaf95-a5 > .kt-inside-inner-col:before{opacity:0.3;}.kadence-column88_caaf95-a5{position:relative;}@media all and (max-width: 1024px){.kadence-column88_caaf95-a5 > .kt-inside-inner-col{flex-direction:column;justify-content:center;}}@media all and (max-width: 767px){.kadence-column88_caaf95-a5 > .kt-inside-inner-col{flex-direction:column;justify-content:center;}}<\/style>\n<div class=\"wp-block-kadence-column kadence-column88_caaf95-a5\"><div class=\"kt-inside-inner-col\"><\/div><\/div>\n\n<\/div><\/div>","protected":false},"excerpt":{"rendered":"<p>Formulaire de contact Si vous avez des questions, des plaintes ou des commentaires sur nos produits, vous pouvez les poser ici. Nous r\u00e9pondons g\u00e9n\u00e9ralement dans les 24 heures. Note : Nous ne sommes pas autoris\u00e9s \u00e0 r\u00e9pondre \u00e0 des questions d&rsquo;ordre m\u00e9dical. Pour cela, il est pr\u00e9f\u00e9rable de contacter votre pharmacien ou votre m\u00e9decin.<\/p>\n","protected":false},"author":1,"featured_media":0,"parent":0,"menu_order":0,"comment_status":"closed","ping_status":"closed","template":"","meta":{"_kad_blocks_custom_css":"","_kad_blocks_head_custom_js":"","_kad_blocks_body_custom_js":"","_kad_blocks_footer_custom_js":"","_kadence_starter_templates_imported_post":false,"_kad_post_transparent":"","_kad_post_title":"","_kad_post_layout":"","_kad_post_sidebar_id":"","_kad_post_content_style":"","_kad_post_vertical_padding":"","_kad_post_feature":"","_kad_post_feature_position":"","_kad_post_header":false,"_kad_post_footer":false,"_kad_post_classname":"","footnotes":""},"class_list":["post-88","page","type-page","status-publish","hentry"],"taxonomy_info":[],"featured_image_src_large":false,"author_info":{"display_name":"filip","author_link":"https:\/\/pharinex.eu\/fr\/author\/filip\/"},"comment_info":0,"_links":{"self":[{"href":"https:\/\/pharinex.eu\/fr\/wp-json\/wp\/v2\/pages\/88","targetHints":{"allow":["GET"]}}],"collection":[{"href":"https:\/\/pharinex.eu\/fr\/wp-json\/wp\/v2\/pages"}],"about":[{"href":"https:\/\/pharinex.eu\/fr\/wp-json\/wp\/v2\/types\/page"}],"author":[{"embeddable":true,"href":"https:\/\/pharinex.eu\/fr\/wp-json\/wp\/v2\/users\/1"}],"replies":[{"embeddable":true,"href":"https:\/\/pharinex.eu\/fr\/wp-json\/wp\/v2\/comments?post=88"}],"version-history":[{"count":2,"href":"https:\/\/pharinex.eu\/fr\/wp-json\/wp\/v2\/pages\/88\/revisions"}],"predecessor-version":[{"id":90,"href":"https:\/\/pharinex.eu\/fr\/wp-json\/wp\/v2\/pages\/88\/revisions\/90"}],"wp:attachment":[{"href":"https:\/\/pharinex.eu\/fr\/wp-json\/wp\/v2\/media?parent=88"}],"curies":[{"name":"wp","href":"https:\/\/api.w.org\/{rel}","templated":true}]}}